{"id":513,"date":"2017-12-19T09:55:32","date_gmt":"2017-12-19T08:55:32","guid":{"rendered":"http:\/\/dev.bajan.sk\/penzionskijezersko\/?page_id=513"},"modified":"2024-02-07T11:26:19","modified_gmt":"2024-02-07T10:26:19","slug":"kontakt","status":"publish","type":"page","link":"https:\/\/penzionskijezersko.com\/en\/kontakt\/","title":{"rendered":"Contact"},"content":{"rendered":"<p>[spb_row element_name=&#8221;Row&#8221; wrap_type=&#8221;full-width-contained&#8221; row_bg_type=&#8221;image&#8221; color_row_height=&#8221;content-height&#8221; bg_image=&#8221;130&#8243; bg_type=&#8221;cover&#8221; parallax_image_height=&#8221;content-height&#8221; parallax_image_movement=&#8221;scroll&#8221; parallax_image_speed=&#8221;standard&#8221; bg_video_loop=&#8221;yes&#8221; parallax_video_height=&#8221;window-height&#8221; row_top_style=&#8221;none&#8221; row_bottom_style=&#8221;none&#8221; parallax_video_overlay=&#8221;none&#8221; row_overlay_opacity=&#8221;0&#8243; remove_element_spacing=&#8221;no&#8221; row_col_spacing=&#8221;0&#8243; row_col_pos=&#8221;default&#8221; row_col_equal_heights=&#8221;no&#8221; row_expanding=&#8221;no&#8221; row_animation=&#8221;none&#8221; row_animation_delay=&#8221;0&#8243; minimize_row=&#8221;no&#8221; simplified_controls=&#8221;yes&#8221; custom_css_percentage=&#8221;no&#8221; custom_css=&#8221;margin-top: 0px;margin-bottom: 0px;&#8221; border_styling_global=&#8221;default&#8221; el_class=&#8221;padding&#8221; width=&#8221;1\/1&#8243; el_position=&#8221;first last&#8221;] [spb_text_block animation=&#8221;none&#8221; animation_delay=&#8221;0&#8243; simplified_controls=&#8221;yes&#8221; custom_css_percentage=&#8221;no&#8221; padding_vertical=&#8221;0&#8243; padding_horizontal=&#8221;0&#8243; margin_vertical=&#8221;0&#8243; custom_css=&#8221;margin-top: 0px;margin-bottom: 0px;&#8221; border_size=&#8221;0&#8243; border_styling_global=&#8221;default&#8221; width=&#8221;1\/1&#8243; el_position=&#8221;first last&#8221;]<\/p>\n<p><img loading=\"lazy\" class=\"alignnone size-full wp-image-119\" src=\"http:\/\/dev.bajan.sk\/penzionskijezersko\/wp-content\/uploads\/2017\/12\/vzor.png\" alt=\"\" width=\"422\" height=\"60\" srcset=\"https:\/\/penzionskijezersko.com\/wp-content\/uploads\/2017\/12\/vzor.png 422w, https:\/\/penzionskijezersko.com\/wp-content\/uploads\/2017\/12\/vzor-300x43.png 300w\" sizes=\"(max-width: 422px) 100vw, 422px\" \/><\/p>\n<p>[\/spb_text_block] [spb_column col_sm=&#8221;6&#8243; padding_horizontal=&#8221;0&#8243; width=&#8221;1\/2&#8243; el_position=&#8221;first&#8221;] [spb_boxed_content type=&#8221;coloured&#8221; custom_text_colour=&#8221;#ffffff&#8221; box_link_target=&#8221;_self&#8221; padding_vertical=&#8221;0&#8243; padding_horizontal=&#8221;0&#8243; width=&#8221;1\/1&#8243; el_position=&#8221;first last&#8221;]<\/p>\n<h3>SKI Jezersko Guesthouse ***<\/h3>\n<p>Jezersko 56<br \/>\n059 04 Jezersko<br \/>\nSlovakia<\/p>\n<p>[\/spb_boxed_content] [\/spb_column] [spb_column col_sm=&#8221;6&#8243; padding_horizontal=&#8221;0&#8243; width=&#8221;1\/2&#8243; el_position=&#8221;last&#8221;] [spb_boxed_content type=&#8221;coloured&#8221; custom_text_colour=&#8221;#ffffff&#8221; box_link_target=&#8221;_self&#8221; padding_vertical=&#8221;0&#8243; padding_horizontal=&#8221;0&#8243; width=&#8221;1\/1&#8243; el_position=&#8221;first last&#8221;]<\/p>\n<h3><span style=\"color: #ffffff;\">Kontakt<\/span><\/h3>\n<p class=\"impact-text\">+421 910 393 939<\/p>\n<p class=\"impact-text\"><a href=\"mailto:info@penzionskijezersko.com\">info@penzionskijezersko.com<\/a><\/p>\n<p>www.penzionskijezersko.com<\/p>\n<p>[\/spb_boxed_content] [\/spb_column] [\/spb_row] [spb_row element_name=&#8221;Row&#8221; wrap_type=&#8221;full-width-contained&#8221; row_bg_type=&#8221;color&#8221; color_row_height=&#8221;content-height&#8221; bg_type=&#8221;cover&#8221; parallax_image_height=&#8221;content-height&#8221; parallax_image_movement=&#8221;scroll&#8221; parallax_image_speed=&#8221;standard&#8221; bg_video_loop=&#8221;yes&#8221; parallax_video_height=&#8221;window-height&#8221; row_top_style=&#8221;none&#8221; row_bottom_style=&#8221;none&#8221; parallax_video_overlay=&#8221;none&#8221; row_overlay_opacity=&#8221;0&#8243; remove_element_spacing=&#8221;no&#8221; row_col_spacing=&#8221;0&#8243; row_col_pos=&#8221;default&#8221; row_col_equal_heights=&#8221;no&#8221; row_expanding=&#8221;no&#8221; row_animation=&#8221;none&#8221; row_animation_delay=&#8221;0&#8243; minimize_row=&#8221;no&#8221; simplified_controls=&#8221;yes&#8221; custom_css_percentage=&#8221;no&#8221; custom_css=&#8221;margin-top: 0px;margin-bottom: 0px;&#8221; border_styling_global=&#8221;default&#8221; el_class=&#8221;padding pattern&#8221; width=&#8221;1\/1&#8243; el_position=&#8221;first last&#8221;] [spb_blank_spacer height=&#8221;50px&#8221; responsive_vis=&#8221;hidden-xs&#8221; width=&#8221;1\/1&#8243; el_position=&#8221;first last&#8221;] [spb_column col_sm=&#8221;6&#8243; padding_horizontal=&#8221;0&#8243; width=&#8221;1\/2&#8243; el_position=&#8221;first last&#8221;] [spb_text_block animation=&#8221;none&#8221; animation_delay=&#8221;0&#8243; simplified_controls=&#8221;yes&#8221; custom_css_percentage=&#8221;no&#8221; padding_vertical=&#8221;0&#8243; padding_horizontal=&#8221;0&#8243; margin_vertical=&#8221;0&#8243; custom_css=&#8221;margin-top: 0px;margin-bottom: 0px;&#8221; border_size=&#8221;0&#8243; border_styling_global=&#8221;default&#8221; width=&#8221;1\/1&#8243; el_position=&#8221;first last&#8221;]<\/p>\n<h3>How to get there<\/h3>\n<h4>By car<\/h4>\n<ul>\n<li>44 km from Poprad<\/li>\n<li>42 km from Star\u00e1 \u013dubov\u0148a<\/li>\n<li>12 km from Spi\u0161sk\u00e1 Star\u00e1 Ves<\/li>\n<\/ul>\n<h4>By train<\/h4>\n<ul>\n<li>44 km from Poprad Tatry<\/li>\n<li>23 km from Spi\u0161sk\u00e1 Bel\u00e1<\/li>\n<\/ul>\n<h4>By plane<\/h4>\n<ul>\n<li>48 km from the airport Poprad &#8211; Tatry<\/li>\n<li>152 km from the airport Ko\u0161ice &#8211; Barca<\/li>\n<li>361 km from the airport Bratislava M.R.\u0160tef\u00e1nik<\/li>\n<li>135 km from the airport Krakow \u2013 Balice<\/li>\n<\/ul>\n<h4>GPS s\u00faradnice<\/h4>\n<p>49.29403830, 20.32612320<\/p>\n<p>[\/spb_text_block] [spb_gmaps size=&#8221;255&#8243; type=&#8221;roadmap&#8221; zoom=&#8221;8&#8243; map_controls=&#8221;yes&#8221; advanced_styling=&#8221;no&#8221; color=&#8221;#473828&#8243; saturation=&#8221;color&#8221; fullscreen=&#8221;no&#8221; width=&#8221;1\/1&#8243; el_position=&#8221;first last&#8221;] [spb_map_pin pin_title=&#8221;First Pin&#8221; address=&#8221;Jezersko 56, 059 04 Jezersko&#8221; width=&#8221;1\/1&#8243; el_position=&#8221;first last&#8221;] Penzi\u00f3n SKI Jezersko *** Jezersko 56 059 04 Jezersko [\/spb_map_pin] [\/spb_gmaps] [\/spb_column] [\/spb_row]<\/p>\n","protected":false},"excerpt":{"rendered":"<p>[spb_row element_name=&#8221;Row&#8221; wrap_type=&#8221;full-width-contained&#8221; row_bg_type=&#8221;image&#8221; color_row_height=&#8221;content-height&#8221; bg_image=&#8221;130&#8243; bg_type=&#8221;cover&#8221; parallax_image_height=&#8221;content-height&#8221; parallax_image_movement=&#8221;scroll&#8221; parallax_image_speed=&#8221;standard&#8221; bg_video_loop=&#8221;yes&#8221; parallax_video_height=&#8221;window-height&#8221; row_top_style=&#8221;none&#8221; row_bottom_style=&#8221;none&#8221; parallax_video_overlay=&#8221;none&#8221; row_overlay_opacity=&#8221;0&#8243; remove_element_spacing=&#8221;no&#8221; row_col_spacing=&#8221;0&#8243; row_col_pos=&#8221;default&#8221; row_col_equal_heights=&#8221;no&#8221; row_expanding=&#8221;no&#8221; row_animation=&#8221;none&#8221; row_animation_delay=&#8221;0&#8243; minimize_row=&#8221;no&#8221; simplified_controls=&#8221;yes&#8221; custom_css_percentage=&#8221;no&#8221; custom_css=&#8221;margin-top: 0px;margin-bottom: 0px;&#8221; border_styling_global=&#8221;default&#8221; el_class=&#8221;padding&#8221; width=&#8221;1\/1&#8243; el_position=&#8221;first last&#8221;] [spb_text_block animation=&#8221;none&#8221; animation_delay=&#8221;0&#8243; simplified_controls=&#8221;yes&#8221; custom_css_percentage=&#8221;no&#8221; padding_vertical=&#8221;0&#8243; padding_horizontal=&#8221;0&#8243; margin_vertical=&#8221;0&#8243; custom_css=&#8221;margin-top: 0px;margin-bottom: 0px;&#8221; border_size=&#8221;0&#8243; border_styling_global=&#8221;default&#8221; width=&#8221;1\/1&#8243; el_position=&#8221;first last&#8221;] [\/spb_text_block] [spb_column col_sm=&#8221;6&#8243; padding_horizontal=&#8221;0&#8243; width=&#8221;1\/2&#8243; el_position=&#8221;first&#8221;] [spb_boxed_content type=&#8221;coloured&#8221; custom_text_colour=&#8221;#ffffff&#8221; box_link_target=&#8221;_self&#8221; [&hellip;]<\/p>\n","protected":false},"author":6,"featured_media":0,"parent":0,"menu_order":0,"comment_status":"closed","ping_status":"closed","template":"","meta":[],"yoast_head":"<!-- This site is optimized with the Yoast SEO plugin v15.9.1 - https:\/\/yoast.com\/wordpress\/plugins\/seo\/ -->\n<title>Contact | SKI Jezersko Guesthouse *** | Bachledka Ski &amp; Sun<\/title>\n<meta name=\"description\" content=\"SKI Jezersko Guesthouse ***, Jezersko 56, 059 04 Jezersko, Slovensk\u00e1 republika, +421 910 393 939, info@penzionskijezersko.com, www.penzionskijezersko.com\" \/>\n<meta name=\"robots\" content=\"index, follow, max-snippet:-1, max-image-preview:large, max-video-preview:-1\" \/>\n<link rel=\"canonical\" href=\"https:\/\/penzionskijezersko.com\/en\/kontakt\/\" \/>\n<meta property=\"og:locale\" content=\"en_US\" \/>\n<meta property=\"og:type\" content=\"article\" \/>\n<meta property=\"og:title\" content=\"Contact | SKI Jezersko Guesthouse *** | Bachledka Ski &amp; Sun\" \/>\n<meta property=\"og:description\" content=\"SKI Jezersko Guesthouse ***, Jezersko 56, 059 04 Jezersko, Slovensk\u00e1 republika, +421 910 393 939, info@penzionskijezersko.com, www.penzionskijezersko.com\" \/>\n<meta property=\"og:url\" content=\"https:\/\/penzionskijezersko.com\/en\/kontakt\/\" \/>\n<meta property=\"og:site_name\" content=\"Penzi\u00f3n SKI Jezersko\" \/>\n<meta property=\"article:modified_time\" content=\"2024-02-07T10:26:19+00:00\" \/>\n<meta property=\"og:image\" content=\"http:\/\/dev.bajan.sk\/penzionskijezersko\/wp-content\/uploads\/2017\/12\/vzor.png\" \/>\n<meta name=\"twitter:card\" content=\"summary_large_image\" \/>\n<meta name=\"twitter:label1\" content=\"Est. reading time\">\n\t<meta name=\"twitter:data1\" content=\"2 minutes\">\n<script type=\"application\/ld+json\" class=\"yoast-schema-graph\">{\"@context\":\"https:\/\/schema.org\",\"@graph\":[{\"@type\":\"WebSite\",\"@id\":\"https:\/\/penzionskijezersko.com\/#website\",\"url\":\"https:\/\/penzionskijezersko.com\/\",\"name\":\"Penzi\\u00f3n SKI Jezersko\",\"description\":\"Ubytovanie v Bachledovej doline\",\"potentialAction\":[{\"@type\":\"SearchAction\",\"target\":\"https:\/\/penzionskijezersko.com\/?s={search_term_string}\",\"query-input\":\"required name=search_term_string\"}],\"inLanguage\":\"en-US\"},{\"@type\":\"ImageObject\",\"@id\":\"https:\/\/penzionskijezersko.com\/en\/kontakt\/#primaryimage\",\"inLanguage\":\"en-US\",\"url\":\"http:\/\/dev.bajan.sk\/penzionskijezersko\/wp-content\/uploads\/2017\/12\/vzor.png\"},{\"@type\":\"WebPage\",\"@id\":\"https:\/\/penzionskijezersko.com\/en\/kontakt\/#webpage\",\"url\":\"https:\/\/penzionskijezersko.com\/en\/kontakt\/\",\"name\":\"Contact | SKI Jezersko Guesthouse *** | Bachledka Ski & Sun\",\"isPartOf\":{\"@id\":\"https:\/\/penzionskijezersko.com\/#website\"},\"primaryImageOfPage\":{\"@id\":\"https:\/\/penzionskijezersko.com\/en\/kontakt\/#primaryimage\"},\"datePublished\":\"2017-12-19T08:55:32+00:00\",\"dateModified\":\"2024-02-07T10:26:19+00:00\",\"description\":\"SKI Jezersko Guesthouse ***, Jezersko 56, 059 04 Jezersko, Slovensk\\u00e1 republika, +421 910 393 939, info@penzionskijezersko.com, www.penzionskijezersko.com\",\"breadcrumb\":{\"@id\":\"https:\/\/penzionskijezersko.com\/en\/kontakt\/#breadcrumb\"},\"inLanguage\":\"en-US\",\"potentialAction\":[{\"@type\":\"ReadAction\",\"target\":[\"https:\/\/penzionskijezersko.com\/en\/kontakt\/\"]}]},{\"@type\":\"BreadcrumbList\",\"@id\":\"https:\/\/penzionskijezersko.com\/en\/kontakt\/#breadcrumb\",\"itemListElement\":[{\"@type\":\"ListItem\",\"position\":1,\"item\":{\"@type\":\"WebPage\",\"@id\":\"https:\/\/penzionskijezersko.com\/en\/\",\"url\":\"https:\/\/penzionskijezersko.com\/en\/\",\"name\":\"Home\"}},{\"@type\":\"ListItem\",\"position\":2,\"item\":{\"@type\":\"WebPage\",\"@id\":\"https:\/\/penzionskijezersko.com\/en\/kontakt\/\",\"url\":\"https:\/\/penzionskijezersko.com\/en\/kontakt\/\",\"name\":\"Contact\"}}]}]}<\/script>\n<!-- \/ Yoast SEO plugin. -->","_links":{"self":[{"href":"https:\/\/penzionskijezersko.com\/en\/wp-json\/wp\/v2\/pages\/513"}],"collection":[{"href":"https:\/\/penzionskijezersko.com\/en\/wp-json\/wp\/v2\/pages"}],"about":[{"href":"https:\/\/penzionskijezersko.com\/en\/wp-json\/wp\/v2\/types\/page"}],"author":[{"embeddable":true,"href":"https:\/\/penzionskijezersko.com\/en\/wp-json\/wp\/v2\/users\/6"}],"replies":[{"embeddable":true,"href":"https:\/\/penzionskijezersko.com\/en\/wp-json\/wp\/v2\/comments?post=513"}],"version-history":[{"count":2,"href":"https:\/\/penzionskijezersko.com\/en\/wp-json\/wp\/v2\/pages\/513\/revisions"}],"predecessor-version":[{"id":1411,"href":"https:\/\/penzionskijezersko.com\/en\/wp-json\/wp\/v2\/pages\/513\/revisions\/1411"}],"wp:attachment":[{"href":"https:\/\/penzionskijezersko.com\/en\/wp-json\/wp\/v2\/media?parent=513"}],"curies":[{"name":"wp","href":"https:\/\/api.w.org\/{rel}","templated":true}]}}