{"id":640,"date":"2017-12-19T13:15:14","date_gmt":"2017-12-19T12:15:14","guid":{"rendered":"http:\/\/dev.bajan.sk\/penzionskijezersko\/?page_id=640"},"modified":"2025-11-17T14:56:32","modified_gmt":"2025-11-17T13:56:32","slug":"uslugi","status":"publish","type":"page","link":"https:\/\/penzionskijezersko.com\/pl\/uslugi\/","title":{"rendered":"Us\u0142ugi"},"content":{"rendered":"<p>[spb_row element_name=&#8221;Row&#8221; wrap_type=&#8221;full-width-stretch&#8221; row_bg_type=&#8221;image&#8221; color_row_height=&#8221;content-height&#8221; bg_image=&#8221;130&#8243; bg_type=&#8221;cover&#8221; parallax_image_height=&#8221;content-height&#8221; parallax_image_movement=&#8221;scroll&#8221; parallax_image_speed=&#8221;standard&#8221; bg_video_loop=&#8221;yes&#8221; parallax_video_height=&#8221;window-height&#8221; row_top_style=&#8221;none&#8221; row_bottom_style=&#8221;none&#8221; parallax_video_overlay=&#8221;none&#8221; row_overlay_opacity=&#8221;0&#8243; remove_element_spacing=&#8221;no&#8221; row_col_spacing=&#8221;0&#8243; row_col_pos=&#8221;center&#8221; row_col_equal_heights=&#8221;yes&#8221; row_expanding=&#8221;no&#8221; row_animation=&#8221;none&#8221; row_animation_delay=&#8221;0&#8243; minimize_row=&#8221;no&#8221; simplified_controls=&#8221;yes&#8221; custom_css_percentage=&#8221;no&#8221; custom_css=&#8221;margin-top: 0px;margin-bottom: 0px;&#8221; border_styling_global=&#8221;default&#8221; width=&#8221;1\/1&#8243; el_position=&#8221;first last&#8221;] [spb_column col_sm=&#8221;6&#8243; padding_horizontal=&#8221;0&#8243; width=&#8221;1\/2&#8243; el_position=&#8221;first&#8221;] [spb_blank_spacer height=&#8221;30px&#8221; width=&#8221;1\/6&#8243; el_position=&#8221;first&#8221;] [spb_boxed_content type=&#8221;coloured&#8221; custom_text_colour=&#8221;#ffffff&#8221; box_link_target=&#8221;_self&#8221; padding_vertical=&#8221;0&#8243; padding_horizontal=&#8221;0&#8243; el_class=&#8221;padding&#8221; width=&#8221;3\/4&#8243; el_position=&#8221;last&#8221;]<\/p>\n<p><img loading=\"lazy\" class=\"alignnone size-full wp-image-119\" src=\"http:\/\/dev.bajan.sk\/penzionskijezersko\/wp-content\/uploads\/2017\/12\/vzor.png\" alt=\"\" width=\"422\" height=\"60\" srcset=\"https:\/\/penzionskijezersko.com\/wp-content\/uploads\/2017\/12\/vzor.png 422w, https:\/\/penzionskijezersko.com\/wp-content\/uploads\/2017\/12\/vzor-300x43.png 300w\" sizes=\"(max-width: 422px) 100vw, 422px\" \/><\/p>\n<h3>Us\u0142ugi<\/h3>\n<ul>\n<li>ski in \u2013 ski out Penzi\u00f3n***<\/li>\n<li>recepcja<\/li>\n<li>bezp\u0142atny parking<\/li>\n<li>telewizja satelitarna<\/li>\n<li>wolne \u0142\u0105cze poprzez Wi-Fi<\/li>\n<li>restauracja i bar<\/li>\n<li>k\u0105cik dla dzieci<\/li>\n<li>nowoczesny schowek na narty<\/li>\n<li>wielofunkcyjny plac zabaw<\/li>\n<li>wypo\u017cyczalnia e-rower\u00f3w<\/li>\n<li>skibus<\/li>\n<li>dla zakwaterowanych klient\u00f3w 20-30% zni\u017cka na skipass w o\u015brodku Bachledka SKI &amp; SUN oraz<\/li>\n<li>jak i wst\u0119p do wellness, mo\u017cliwo\u015b\u0107 wynajmu placu zabaw i artyku\u0142\u00f3w sportowych dla publiczno\u015bci<\/li>\n<\/ul>\n<p>[\/spb_boxed_content] [\/spb_column] [spb_column col_animation=&#8221;none&#8221; col_animation_delay=&#8221;0&#8243; col_bg_image=&#8221;1008&#8243; col_bg_type=&#8221;cover&#8221; col_parallax_image_movement=&#8221;scroll&#8221; col_parallax_image_speed=&#8221;0.5&#8243; col_padding=&#8221;0&#8243; col_vertical_offset=&#8221;0&#8243; col_horizontal_offset=&#8221;0&#8243; col_custom_zindex=&#8221;0&#8243; col_sm=&#8221;6&#8243; simplified_controls=&#8221;yes&#8221; custom_css_percentage=&#8221;no&#8221; padding_vertical=&#8221;0&#8243; padding_horizontal=&#8221;0&#8243; margin_vertical=&#8221;0&#8243; custom_css=&#8221;margin-top: 0px;margin-bottom: 0px;&#8221; border_styling_global=&#8221;default&#8221; width=&#8221;1\/2&#8243; el_position=&#8221;last&#8221;] [spb_blank_spacer height=&#8221;700px&#8221; width=&#8221;1\/1&#8243; el_position=&#8221;first last&#8221;] [\/spb_column] [\/spb_row]<\/p>\n","protected":false},"excerpt":{"rendered":"<p>[spb_row element_name=&#8221;Row&#8221; wrap_type=&#8221;full-width-stretch&#8221; row_bg_type=&#8221;image&#8221; color_row_height=&#8221;content-height&#8221; bg_image=&#8221;130&#8243; bg_type=&#8221;cover&#8221; parallax_image_height=&#8221;content-height&#8221; parallax_image_movement=&#8221;scroll&#8221; parallax_image_speed=&#8221;standard&#8221; bg_video_loop=&#8221;yes&#8221; parallax_video_height=&#8221;window-height&#8221; row_top_style=&#8221;none&#8221; row_bottom_style=&#8221;none&#8221; parallax_video_overlay=&#8221;none&#8221; row_overlay_opacity=&#8221;0&#8243; remove_element_spacing=&#8221;no&#8221; row_col_spacing=&#8221;0&#8243; row_col_pos=&#8221;center&#8221; row_col_equal_heights=&#8221;yes&#8221; row_expanding=&#8221;no&#8221; row_animation=&#8221;none&#8221; row_animation_delay=&#8221;0&#8243; minimize_row=&#8221;no&#8221; simplified_controls=&#8221;yes&#8221; custom_css_percentage=&#8221;no&#8221; custom_css=&#8221;margin-top: 0px;margin-bottom: 0px;&#8221; border_styling_global=&#8221;default&#8221; width=&#8221;1\/1&#8243; el_position=&#8221;first last&#8221;] [spb_column col_sm=&#8221;6&#8243; padding_horizontal=&#8221;0&#8243; width=&#8221;1\/2&#8243; el_position=&#8221;first&#8221;] [spb_blank_spacer height=&#8221;30px&#8221; width=&#8221;1\/6&#8243; el_position=&#8221;first&#8221;] [spb_boxed_content type=&#8221;coloured&#8221; custom_text_colour=&#8221;#ffffff&#8221; box_link_target=&#8221;_self&#8221; padding_vertical=&#8221;0&#8243; padding_horizontal=&#8221;0&#8243; el_class=&#8221;padding&#8221; width=&#8221;3\/4&#8243; el_position=&#8221;last&#8221;] Us\u0142ugi ski in \u2013 ski out Penzi\u00f3n*** recepcja bezp\u0142atny [&hellip;]<\/p>\n","protected":false},"author":6,"featured_media":0,"parent":0,"menu_order":0,"comment_status":"closed","ping_status":"closed","template":"","meta":[],"yoast_head":"<!-- This site is optimized with the Yoast SEO plugin v15.9.1 - https:\/\/yoast.com\/wordpress\/plugins\/seo\/ -->\n<title>Us\u0142ugi | Pensjonat Ski Jezersko *** | Bachledka Ski &amp; Sun<\/title>\n<meta name=\"description\" content=\"Us\u0142ugi: ski in \u2013 ski out Penzi\u00f3n***, recepcja, bezp\u0142atny strze\u017cony parking, telewizja satelitarna, wolne \u0142\u0105cze poprzez Wi-Fi, restauracja i bar, k\u0105cik dla dzieci, nowoczesny schowek na narty, wielofunkcyjny plac zabaw, lodowisko, wypo\u017cyczalnia rower\u00f3w i \u0142y\u017cew, skibus...\" \/>\n<meta name=\"robots\" content=\"index, follow, max-snippet:-1, max-image-preview:large, max-video-preview:-1\" \/>\n<link rel=\"canonical\" href=\"https:\/\/penzionskijezersko.com\/pl\/uslugi\/\" \/>\n<meta property=\"og:locale\" content=\"pl_PL\" \/>\n<meta property=\"og:type\" content=\"article\" \/>\n<meta property=\"og:title\" content=\"Us\u0142ugi | Pensjonat Ski Jezersko *** | Bachledka Ski &amp; Sun\" \/>\n<meta property=\"og:description\" content=\"Us\u0142ugi: ski in \u2013 ski out Penzi\u00f3n***, recepcja, bezp\u0142atny strze\u017cony parking, telewizja satelitarna, wolne \u0142\u0105cze poprzez Wi-Fi, restauracja i bar, k\u0105cik dla dzieci, nowoczesny schowek na narty, wielofunkcyjny plac zabaw, lodowisko, wypo\u017cyczalnia rower\u00f3w i \u0142y\u017cew, skibus...\" \/>\n<meta property=\"og:url\" content=\"https:\/\/penzionskijezersko.com\/pl\/uslugi\/\" \/>\n<meta property=\"og:site_name\" content=\"Penzi\u00f3n SKI Jezersko\" \/>\n<meta property=\"article:modified_time\" content=\"2025-11-17T13:56:32+00:00\" \/>\n<meta property=\"og:image\" content=\"http:\/\/dev.bajan.sk\/penzionskijezersko\/wp-content\/uploads\/2017\/12\/vzor.png\" \/>\n<meta name=\"twitter:card\" content=\"summary_large_image\" \/>\n<meta name=\"twitter:label1\" content=\"Est. reading time\">\n\t<meta name=\"twitter:data1\" content=\"1 minuta\">\n<script type=\"application\/ld+json\" class=\"yoast-schema-graph\">{\"@context\":\"https:\/\/schema.org\",\"@graph\":[{\"@type\":\"WebSite\",\"@id\":\"https:\/\/penzionskijezersko.com\/#website\",\"url\":\"https:\/\/penzionskijezersko.com\/\",\"name\":\"Penzi\\u00f3n SKI Jezersko\",\"description\":\"Ubytovanie v Bachledovej doline\",\"potentialAction\":[{\"@type\":\"SearchAction\",\"target\":\"https:\/\/penzionskijezersko.com\/?s={search_term_string}\",\"query-input\":\"required name=search_term_string\"}],\"inLanguage\":\"pl-PL\"},{\"@type\":\"ImageObject\",\"@id\":\"https:\/\/penzionskijezersko.com\/pl\/uslugi\/#primaryimage\",\"inLanguage\":\"pl-PL\",\"url\":\"http:\/\/dev.bajan.sk\/penzionskijezersko\/wp-content\/uploads\/2017\/12\/vzor.png\"},{\"@type\":\"WebPage\",\"@id\":\"https:\/\/penzionskijezersko.com\/pl\/uslugi\/#webpage\",\"url\":\"https:\/\/penzionskijezersko.com\/pl\/uslugi\/\",\"name\":\"Us\\u0142ugi | Pensjonat Ski Jezersko *** | Bachledka Ski & Sun\",\"isPartOf\":{\"@id\":\"https:\/\/penzionskijezersko.com\/#website\"},\"primaryImageOfPage\":{\"@id\":\"https:\/\/penzionskijezersko.com\/pl\/uslugi\/#primaryimage\"},\"datePublished\":\"2017-12-19T12:15:14+00:00\",\"dateModified\":\"2025-11-17T13:56:32+00:00\",\"description\":\"Us\\u0142ugi: ski in \\u2013 ski out Penzi\\u00f3n***, recepcja, bezp\\u0142atny strze\\u017cony parking, telewizja satelitarna, wolne \\u0142\\u0105cze poprzez Wi-Fi, restauracja i bar, k\\u0105cik dla dzieci, nowoczesny schowek na narty, wielofunkcyjny plac zabaw, lodowisko, wypo\\u017cyczalnia rower\\u00f3w i \\u0142y\\u017cew, skibus...\",\"breadcrumb\":{\"@id\":\"https:\/\/penzionskijezersko.com\/pl\/uslugi\/#breadcrumb\"},\"inLanguage\":\"pl-PL\",\"potentialAction\":[{\"@type\":\"ReadAction\",\"target\":[\"https:\/\/penzionskijezersko.com\/pl\/uslugi\/\"]}]},{\"@type\":\"BreadcrumbList\",\"@id\":\"https:\/\/penzionskijezersko.com\/pl\/uslugi\/#breadcrumb\",\"itemListElement\":[{\"@type\":\"ListItem\",\"position\":1,\"item\":{\"@type\":\"WebPage\",\"@id\":\"https:\/\/penzionskijezersko.com\/pl\/\",\"url\":\"https:\/\/penzionskijezersko.com\/pl\/\",\"name\":\"Home\"}},{\"@type\":\"ListItem\",\"position\":2,\"item\":{\"@type\":\"WebPage\",\"@id\":\"https:\/\/penzionskijezersko.com\/pl\/uslugi\/\",\"url\":\"https:\/\/penzionskijezersko.com\/pl\/uslugi\/\",\"name\":\"Us\\u0142ugi\"}}]}]}<\/script>\n<!-- \/ Yoast SEO plugin. -->","_links":{"self":[{"href":"https:\/\/penzionskijezersko.com\/pl\/wp-json\/wp\/v2\/pages\/640"}],"collection":[{"href":"https:\/\/penzionskijezersko.com\/pl\/wp-json\/wp\/v2\/pages"}],"about":[{"href":"https:\/\/penzionskijezersko.com\/pl\/wp-json\/wp\/v2\/types\/page"}],"author":[{"embeddable":true,"href":"https:\/\/penzionskijezersko.com\/pl\/wp-json\/wp\/v2\/users\/6"}],"replies":[{"embeddable":true,"href":"https:\/\/penzionskijezersko.com\/pl\/wp-json\/wp\/v2\/comments?post=640"}],"version-history":[{"count":4,"href":"https:\/\/penzionskijezersko.com\/pl\/wp-json\/wp\/v2\/pages\/640\/revisions"}],"predecessor-version":[{"id":1562,"href":"https:\/\/penzionskijezersko.com\/pl\/wp-json\/wp\/v2\/pages\/640\/revisions\/1562"}],"wp:attachment":[{"href":"https:\/\/penzionskijezersko.com\/pl\/wp-json\/wp\/v2\/media?parent=640"}],"curies":[{"name":"wp","href":"https:\/\/api.w.org\/{rel}","templated":true}]}}